{"id":2,"date":"2023-10-20T19:04:17","date_gmt":"2023-10-20T17:04:17","guid":{"rendered":"http:\/\/www.elegance-k.be\/?page_id=2"},"modified":"2023-10-25T07:59:19","modified_gmt":"2023-10-25T05:59:19","slug":"coiffeuse","status":"publish","type":"page","link":"https:\/\/www.elegance-k.be\/index.php\/coiffeuse\/","title":{"rendered":"Coiffeuse Keith"},"content":{"rendered":"\n<p>Petite pr\u00e9sentation<\/p>\n\n\n\n<blockquote class=\"wp-block-quote\">\n<p>Bonjour\u00a0! je m\u2019appelle Keith, toujours \u00e9t\u00e9 passionner par l&#8217;\u00e9l\u00e9gance qu&#8217;apporte un brushing, le changement et la confiance en sois qu&#8217;apporte un changement de couleur ou simplement des cheveux soign\u00e9<\/p>\n<\/blockquote>\n\n\n\n<p>\u2026ou quelque chose comme cela&nbsp;:<\/p>\n\n\n\n<blockquote class=\"wp-block-quote\">\n<p>depuis 10 ans dans la coiffure j&#8217;ai enfin d\u00e9cider de me lanc\u00e9 a mon compte pour trouv\u00e9 un \u00e9quilibre entre vie professionnel et vie familiale.<\/p>\n<\/blockquote>\n\n\n\n<p>A Bient\u00f4t pour vous faire vivre une exp\u00e9rience Agr\u00e9able.<\/p>\n","protected":false},"excerpt":{"rendered":"<p>Petite pr\u00e9sentation Bonjour\u00a0! je m\u2019appelle Keith, toujours \u00e9t\u00e9 passionner par l&#8217;\u00e9l\u00e9gance qu&#8217;apporte un brushing, le changement et la confiance en sois qu&#8217;apporte un changement de couleur ou simplement des cheveux soign\u00e9 \u2026ou quelque chose comme cela&nbsp;: depuis 10 ans dans la coiffure j&#8217;ai enfin d\u00e9cider de me lanc\u00e9 a mon compte pour trouv\u00e9 un \u00e9quilibre [&hellip;]<\/p>\n","protected":false},"author":1,"featured_media":0,"parent":0,"menu_order":0,"comment_status":"closed","ping_status":"closed","template":"","meta":{"footnotes":""},"jetpack_sharing_enabled":true,"_links":{"self":[{"href":"https:\/\/www.elegance-k.be\/index.php\/wp-json\/wp\/v2\/pages\/2"}],"collection":[{"href":"https:\/\/www.elegance-k.be\/index.php\/wp-json\/wp\/v2\/pages"}],"about":[{"href":"https:\/\/www.elegance-k.be\/index.php\/wp-json\/wp\/v2\/types\/page"}],"author":[{"embeddable":true,"href":"https:\/\/www.elegance-k.be\/index.php\/wp-json\/wp\/v2\/users\/1"}],"replies":[{"embeddable":true,"href":"https:\/\/www.elegance-k.be\/index.php\/wp-json\/wp\/v2\/comments?post=2"}],"version-history":[{"count":3,"href":"https:\/\/www.elegance-k.be\/index.php\/wp-json\/wp\/v2\/pages\/2\/revisions"}],"predecessor-version":[{"id":76,"href":"https:\/\/www.elegance-k.be\/index.php\/wp-json\/wp\/v2\/pages\/2\/revisions\/76"}],"wp:attachment":[{"href":"https:\/\/www.elegance-k.be\/index.php\/wp-json\/wp\/v2\/media?parent=2"}],"curies":[{"name":"wp","href":"https:\/\/api.w.org\/{rel}","templated":true}]}}